{"id":182,"date":"2021-11-18T14:29:42","date_gmt":"2021-11-18T17:29:42","guid":{"rendered":"http:\/\/germinal.com.br\/site\/?page_id=182"},"modified":"2024-06-23T07:50:24","modified_gmt":"2024-06-23T10:50:24","slug":"localizacao","status":"publish","type":"page","link":"https:\/\/germinal.com.br\/site\/localizacao\/","title":{"rendered":"Localiza\u00e7\u00e3o"},"content":{"rendered":"<div class=\"wp-block-image is-resized margin-right margin-top is-style-rounded\">\n<figure class=\"alignright size-large\"><img decoding=\"async\" src=\"https:\/\/germinal.com.br\/site\/wp-content\/uploads\/2021\/11\/20211121_095016-300x225.jpg\" alt=\"\"\/><\/figure>\n<\/div>\n\n\n<pre class=\"wp-block-preformatted has-white-color has-text-color has-background has-normal-font-size\" style=\"background-color:#dd8220\"><strong>S\u00cdTIO GERMINAL\n<\/strong>Avenida Eul\u00e1lia Vieira Fernandes, s\/n\u00ba \n(acesso ao Carmelo)\nBairro Divina Gra\u00e7a, Bananeiras, PB - antiga Rua das Irm\u00e3s Carmelitas<strong> PB\nAo lado do condom\u00ednio Monte Carmelo Priv\u00ea<\/strong><\/pre>\n\n\n\n<p><strong>Contato:<\/strong><br>\u00a0\u00a0\u00a0 <a href=\"mailto:sitio@germinal.com.br\">sitio@germinal.com.br<\/a><\/p>\n\n\n\n<figure class=\"wp-block-image size-large is-resized\"><a href=\"https:\/\/www.pindorama.org.br\" target=\"_blank\" rel=\"noopener\"><img decoding=\"async\" src=\"https:\/\/germinal.com.br\/site\/wp-content\/uploads\/2021\/11\/pindorama-1.png\" alt=\"\" style=\"width:138px;height:auto\"\/><\/a><\/figure>\n\n\n\n<p>Endere\u00e7o na <strong>Rede Pindorama<\/strong> <br><a rel=\"noreferrer noopener\" href=\"https:\/\/rede.pindorama.org.br\/listagens\/sitio-germinal-permacultura-e-hospedagem\/\" target=\"_blank\">rede.pindorama.org.br\/listagens\/sitio-germinal-permacultura-e-hospedagem\/<\/a><\/p>\n\n\n\n<p>No mapa abaixo o trajeto desde a rodovia de acesso \u00e0 Bananeiras (PB-105):<br>Em azul o trajeto mais curto, subindo em frente \u00e0 igreja.<br>O trajeto em verde vai pelo Campus da UFPB.<br>(<a rel=\"noreferrer noopener\" href=\"https:\/\/g.page\/sitiogerminal?share\" target=\"_blank\">Ver o mapa no Google Maps<\/a>)<\/p>\n\n\n<div class=\"wp-block-image is-style-rounded\">\n<figure class=\"aligncenter\"><a href=\"https:\/\/g.page\/sitiogerminal?share\" target=\"_blank\" rel=\"noreferrer noopener\"><img decoding=\"async\" src=\"http:\/\/www.germinal.com.br\/imagens\/mapa_local.png\" alt=\"\"\/><\/a><\/figure>\n<\/div>\n\n\n<div style=\"height:50px\" aria-hidden=\"true\" class=\"wp-block-spacer\"><\/div>\n","protected":false},"excerpt":{"rendered":"<p>S\u00cdTIO GERMINAL Avenida Eul\u00e1lia Vieira Fernandes, s\/n\u00ba (acesso ao Carmelo) Bairro Divina Gra\u00e7a, Bananeiras, PB &#8211; antiga Rua das Irm\u00e3s Carmelitas PB Ao lado do condom\u00ednio Monte Carmelo Priv\u00ea Contato:\u00a0\u00a0\u00a0 sitio@germinal.com.br Endere\u00e7o na Rede Pindorama rede.pindorama.org.br\/listagens\/sitio-germinal-permacultura-e-hospedagem\/ No mapa abaixo o trajeto desde a rodovia de acesso \u00e0 Bananeiras (PB-105):Em azul o trajeto mais curto, subindo&hellip;&nbsp;<a href=\"https:\/\/germinal.com.br\/site\/localizacao\/\" rel=\"bookmark\">Continue a ler &raquo;<span class=\"screen-reader-text\">Localiza\u00e7\u00e3o<\/span><\/a><\/p>\n","protected":false},"author":1,"featured_media":0,"parent":0,"menu_order":0,"comment_status":"closed","ping_status":"closed","template":"","meta":{"neve_meta_sidebar":"right","neve_meta_container":"","neve_meta_enable_content_width":"on","neve_meta_content_width":70,"neve_meta_title_alignment":"","neve_meta_author_avatar":"","neve_post_elements_order":"","neve_meta_disable_header":"","neve_meta_disable_footer":"","neve_meta_disable_title":"","footnotes":""},"class_list":["post-182","page","type-page","status-publish","hentry"],"featured_image_src":null,"_links":{"self":[{"href":"https:\/\/germinal.com.br\/site\/wp-json\/wp\/v2\/pages\/182","targetHints":{"allow":["GET"]}}],"collection":[{"href":"https:\/\/germinal.com.br\/site\/wp-json\/wp\/v2\/pages"}],"about":[{"href":"https:\/\/germinal.com.br\/site\/wp-json\/wp\/v2\/types\/page"}],"author":[{"embeddable":true,"href":"https:\/\/germinal.com.br\/site\/wp-json\/wp\/v2\/users\/1"}],"replies":[{"embeddable":true,"href":"https:\/\/germinal.com.br\/site\/wp-json\/wp\/v2\/comments?post=182"}],"version-history":[{"count":33,"href":"https:\/\/germinal.com.br\/site\/wp-json\/wp\/v2\/pages\/182\/revisions"}],"predecessor-version":[{"id":1898,"href":"https:\/\/germinal.com.br\/site\/wp-json\/wp\/v2\/pages\/182\/revisions\/1898"}],"wp:attachment":[{"href":"https:\/\/germinal.com.br\/site\/wp-json\/wp\/v2\/media?parent=182"}],"curies":[{"name":"wp","href":"https:\/\/api.w.org\/{rel}","templated":true}]}}