{"id":1829,"date":"2023-07-25T08:01:52","date_gmt":"2023-07-25T11:01:52","guid":{"rendered":"http:\/\/germinal.com.br\/site\/?page_id=1829"},"modified":"2025-03-15T06:31:54","modified_gmt":"2025-03-15T09:31:54","slug":"vagas-para-trailers","status":"publish","type":"page","link":"https:\/\/germinal.com.br\/site\/vagas-para-trailers\/","title":{"rendered":"Camping para trailers"},"content":{"rendered":"\n<figure data-wp-context=\"{&quot;imageId&quot;:&quot;69e447db0dc4c&quot;}\" data-wp-interactive=\"core\/image\" data-wp-key=\"69e447db0dc4c\" class=\"wp-block-image size-large wp-lightbox-container\"><img loading=\"lazy\" decoding=\"async\" width=\"1024\" height=\"576\" data-wp-class--hide=\"state.isContentHidden\" data-wp-class--show=\"state.isContentVisible\" data-wp-init=\"callbacks.setButtonStyles\" data-wp-on--click=\"actions.showLightbox\" data-wp-on--load=\"callbacks.setButtonStyles\" data-wp-on-window--resize=\"callbacks.setButtonStyles\" src=\"https:\/\/germinal.com.br\/site\/wp-content\/uploads\/2024\/10\/20240917_121214_web-1024x576.jpg\" alt=\"\" class=\"wp-image-1954\" srcset=\"https:\/\/germinal.com.br\/site\/wp-content\/uploads\/2024\/10\/20240917_121214_web-1024x576.jpg 1024w, https:\/\/germinal.com.br\/site\/wp-content\/uploads\/2024\/10\/20240917_121214_web-300x169.jpg 300w, https:\/\/germinal.com.br\/site\/wp-content\/uploads\/2024\/10\/20240917_121214_web-768x432.jpg 768w, https:\/\/germinal.com.br\/site\/wp-content\/uploads\/2024\/10\/20240917_121214_web-1536x864.jpg 1536w, https:\/\/germinal.com.br\/site\/wp-content\/uploads\/2024\/10\/20240917_121214_web.jpg 1600w\" sizes=\"auto, (max-width: 1024px) 100vw, 1024px\" \/><button\n\t\t\tclass=\"lightbox-trigger\"\n\t\t\ttype=\"button\"\n\t\t\taria-haspopup=\"dialog\"\n\t\t\taria-label=\"Ampliar\"\n\t\t\tdata-wp-init=\"callbacks.initTriggerButton\"\n\t\t\tdata-wp-on--click=\"actions.showLightbox\"\n\t\t\tdata-wp-style--right=\"state.imageButtonRight\"\n\t\t\tdata-wp-style--top=\"state.imageButtonTop\"\n\t\t>\n\t\t\t<svg xmlns=\"http:\/\/www.w3.org\/2000\/svg\" width=\"12\" height=\"12\" fill=\"none\" viewBox=\"0 0 12 12\">\n\t\t\t\t<path fill=\"#fff\" d=\"M2 0a2 2 0 0 0-2 2v2h1.5V2a.5.5 0 0 1 .5-.5h2V0H2Zm2 10.5H2a.5.5 0 0 1-.5-.5V8H0v2a2 2 0 0 0 2 2h2v-1.5ZM8 12v-1.5h2a.5.5 0 0 0 .5-.5V8H12v2a2 2 0 0 1-2 2H8Zm2-12a2 2 0 0 1 2 2v2h-1.5V2a.5.5 0 0 0-.5-.5H8V0h2Z\" \/>\n\t\t\t<\/svg>\n\t\t<\/button><\/figure>\n\n\n\n<div style=\"height:20px\" aria-hidden=\"true\" class=\"wp-block-spacer\"><\/div>\n\n\n\n<p>Oferecemos 3 vagas para trailers, campers ou motorhomes, com acessos de \u00e1gua e energia el\u00e9trica. <\/p>\n\n\n\n<p>\u00c1rea plana e gramada, com \u00e1rea de apoio incluindo pia, banheiro, chuveiro quente, e galp\u00e3o protegido para dias mais frios.<\/p>\n\n\n\n<p>Em virtude do sistema ecol\u00f3gico do esgoto no s\u00edtio, n\u00e3o oferecemos o descarte de res\u00edduos s\u00f3lidos.<\/p>\n\n\n\n<p>Entre em contato atrav\u00e9s do whatsapp:<\/p>\n\n\n\n<div class=\"wp-block-buttons has-custom-font-size has-small-font-size is-nowrap is-layout-flex wp-container-core-buttons-is-layout-614b9d5c wp-block-buttons-is-layout-flex\" style=\"padding-top:0;padding-right:var(--wp--preset--spacing--40);padding-bottom:0;padding-left:var(--wp--preset--spacing--40)\">\n<div class=\"wp-block-button has-custom-font-size has-small-font-size\"><a class=\"wp-block-button__link has-neve-link-color-color has-nv-c-1-background-color has-text-color has-background wp-element-button\" href=\"https:\/\/api.whatsapp.com\/send?phone=5535991776468&amp;text=Ol\u00e1! Gostaria%20de%20informa\u00e7\u00f5es%20sobre%20Reserva%20para%20RVs\" style=\"border-radius:7px;padding-top:var(--wp--preset--spacing--20);padding-right:var(--wp--preset--spacing--30);padding-bottom:var(--wp--preset--spacing--20);padding-left:var(--wp--preset--spacing--30)\" target=\"_blank\" rel=\"noreferrer noopener\"><img loading=\"lazy\" decoding=\"async\" width=\"25\" height=\"25\" class=\"wp-image-1467\" style=\"width: 25px;\" src=\"https:\/\/germinal.com.br\/site\/wp-content\/uploads\/2023\/02\/whatsapp_icon_redondo-1.png\" alt=\"Whatsapp\"> +55 35 9 9177 6468<\/a><\/div>\n<\/div>\n\n\n\n<div style=\"height:30px\" aria-hidden=\"true\" class=\"wp-block-spacer\"><\/div>\n\n\n\n<figure class=\"wp-block-gallery has-nested-images columns-default is-cropped wp-block-gallery-1 is-layout-flex wp-block-gallery-is-layout-flex\">\n<figure class=\"wp-block-image size-large\"><img loading=\"lazy\" decoding=\"async\" width=\"1024\" height=\"768\" data-id=\"1832\" src=\"https:\/\/germinal.com.br\/site\/wp-content\/uploads\/2023\/07\/site1-1024x768.jpg\" alt=\"\" class=\"wp-image-1832\" srcset=\"https:\/\/germinal.com.br\/site\/wp-content\/uploads\/2023\/07\/site1-1024x768.jpg 1024w, https:\/\/germinal.com.br\/site\/wp-content\/uploads\/2023\/07\/site1-300x225.jpg 300w, https:\/\/germinal.com.br\/site\/wp-content\/uploads\/2023\/07\/site1-768x576.jpg 768w, https:\/\/germinal.com.br\/site\/wp-content\/uploads\/2023\/07\/site1-1536x1152.jpg 1536w, https:\/\/germinal.com.br\/site\/wp-content\/uploads\/2023\/07\/site1.jpg 2000w\" sizes=\"auto, (max-width: 1024px) 100vw, 1024px\" \/><\/figure>\n\n\n\n<figure class=\"wp-block-image size-large\"><img loading=\"lazy\" decoding=\"async\" width=\"1024\" height=\"768\" data-id=\"1833\" src=\"https:\/\/germinal.com.br\/site\/wp-content\/uploads\/2023\/07\/site2-1024x768.jpg\" alt=\"\" class=\"wp-image-1833\" srcset=\"https:\/\/germinal.com.br\/site\/wp-content\/uploads\/2023\/07\/site2-1024x768.jpg 1024w, https:\/\/germinal.com.br\/site\/wp-content\/uploads\/2023\/07\/site2-300x225.jpg 300w, https:\/\/germinal.com.br\/site\/wp-content\/uploads\/2023\/07\/site2-768x576.jpg 768w, https:\/\/germinal.com.br\/site\/wp-content\/uploads\/2023\/07\/site2-1536x1152.jpg 1536w, https:\/\/germinal.com.br\/site\/wp-content\/uploads\/2023\/07\/site2.jpg 2000w\" sizes=\"auto, (max-width: 1024px) 100vw, 1024px\" \/><\/figure>\n\n\n\n<figure class=\"wp-block-image size-large\"><img loading=\"lazy\" decoding=\"async\" width=\"1024\" height=\"576\" data-id=\"1955\" src=\"https:\/\/germinal.com.br\/site\/wp-content\/uploads\/2024\/10\/20240917_120748_web-1024x576.jpg\" alt=\"\" class=\"wp-image-1955\" srcset=\"https:\/\/germinal.com.br\/site\/wp-content\/uploads\/2024\/10\/20240917_120748_web-1024x576.jpg 1024w, https:\/\/germinal.com.br\/site\/wp-content\/uploads\/2024\/10\/20240917_120748_web-300x169.jpg 300w, https:\/\/germinal.com.br\/site\/wp-content\/uploads\/2024\/10\/20240917_120748_web-768x432.jpg 768w, https:\/\/germinal.com.br\/site\/wp-content\/uploads\/2024\/10\/20240917_120748_web-1536x864.jpg 1536w, https:\/\/germinal.com.br\/site\/wp-content\/uploads\/2024\/10\/20240917_120748_web.jpg 1600w\" sizes=\"auto, (max-width: 1024px) 100vw, 1024px\" \/><\/figure>\n\n\n\n<figure class=\"wp-block-image size-large\"><img loading=\"lazy\" decoding=\"async\" width=\"1024\" height=\"576\" data-id=\"1956\" src=\"https:\/\/germinal.com.br\/site\/wp-content\/uploads\/2024\/10\/20240917_121235_web-1024x576.jpg\" alt=\"\" class=\"wp-image-1956\" srcset=\"https:\/\/germinal.com.br\/site\/wp-content\/uploads\/2024\/10\/20240917_121235_web-1024x576.jpg 1024w, https:\/\/germinal.com.br\/site\/wp-content\/uploads\/2024\/10\/20240917_121235_web-300x169.jpg 300w, https:\/\/germinal.com.br\/site\/wp-content\/uploads\/2024\/10\/20240917_121235_web-768x432.jpg 768w, https:\/\/germinal.com.br\/site\/wp-content\/uploads\/2024\/10\/20240917_121235_web-1536x864.jpg 1536w, https:\/\/germinal.com.br\/site\/wp-content\/uploads\/2024\/10\/20240917_121235_web.jpg 1600w\" sizes=\"auto, (max-width: 1024px) 100vw, 1024px\" \/><\/figure>\n<\/figure>\n\n\n\n<div style=\"height:20px\" aria-hidden=\"true\" class=\"wp-block-spacer\"><\/div>\n","protected":false},"excerpt":{"rendered":"<p>Oferecemos 3 vagas para trailers, campers ou motorhomes, com acessos de \u00e1gua e energia el\u00e9trica. \u00c1rea plana e gramada, com \u00e1rea de apoio incluindo pia, banheiro, chuveiro quente, e galp\u00e3o protegido para dias mais frios. Em virtude do sistema ecol\u00f3gico do esgoto no s\u00edtio, n\u00e3o oferecemos o descarte de res\u00edduos s\u00f3lidos. Entre em contato atrav\u00e9s&hellip;&nbsp;<a href=\"https:\/\/germinal.com.br\/site\/vagas-para-trailers\/\" rel=\"bookmark\">Continue a ler &raquo;<span class=\"screen-reader-text\">Camping para trailers<\/span><\/a><\/p>\n","protected":false},"author":1,"featured_media":0,"parent":0,"menu_order":0,"comment_status":"closed","ping_status":"closed","template":"","meta":{"neve_meta_sidebar":"right","neve_meta_container":"","neve_meta_enable_content_width":"on","neve_meta_content_width":70,"neve_meta_title_alignment":"","neve_meta_author_avatar":"","neve_post_elements_order":"","neve_meta_disable_header":"","neve_meta_disable_footer":"","neve_meta_disable_title":"","footnotes":""},"class_list":["post-1829","page","type-page","status-publish","hentry"],"featured_image_src":null,"_links":{"self":[{"href":"https:\/\/germinal.com.br\/site\/wp-json\/wp\/v2\/pages\/1829","targetHints":{"allow":["GET"]}}],"collection":[{"href":"https:\/\/germinal.com.br\/site\/wp-json\/wp\/v2\/pages"}],"about":[{"href":"https:\/\/germinal.com.br\/site\/wp-json\/wp\/v2\/types\/page"}],"author":[{"embeddable":true,"href":"https:\/\/germinal.com.br\/site\/wp-json\/wp\/v2\/users\/1"}],"replies":[{"embeddable":true,"href":"https:\/\/germinal.com.br\/site\/wp-json\/wp\/v2\/comments?post=1829"}],"version-history":[{"count":17,"href":"https:\/\/germinal.com.br\/site\/wp-json\/wp\/v2\/pages\/1829\/revisions"}],"predecessor-version":[{"id":2019,"href":"https:\/\/germinal.com.br\/site\/wp-json\/wp\/v2\/pages\/1829\/revisions\/2019"}],"wp:attachment":[{"href":"https:\/\/germinal.com.br\/site\/wp-json\/wp\/v2\/media?parent=1829"}],"curies":[{"name":"wp","href":"https:\/\/api.w.org\/{rel}","templated":true}]}}