{"id":315,"date":"2021-11-23T15:06:10","date_gmt":"2021-11-23T18:06:10","guid":{"rendered":"https:\/\/germinal.com.br\/site\/?page_id=315"},"modified":"2024-10-04T17:35:53","modified_gmt":"2024-10-04T20:35:53","slug":"abertura","status":"publish","type":"page","link":"https:\/\/germinal.com.br\/site\/","title":{"rendered":"Abertura"},"content":{"rendered":"\n<div class=\"alignfull\"><div id=\"metaslider-id-1935\" style=\"max-width: 780px;\" class=\"ml-slider-3-104-0 metaslider metaslider-flex metaslider-1935 ml-slider has-dots-nav ms-theme-default\" role=\"region\" aria-label=\"Abertura nova\" data-height=\"700\" data-width=\"780\">\n    <div id=\"metaslider_container_1935\">\n        <div id=\"metaslider_1935\" class=\"flexslider\">\n            <ul class='slides'>\n                <li style=\"display: block; width: 100%;\" class=\"slide-1937 ms-image \" aria-roledescription=\"slide\" data-date=\"2024-09-25 15:56:44\" data-filename=\"fotos_abertura_moldura1.jpg\" data-slide-type=\"image\"><a href=\"http:\/\/www.germinal.com.br\/site\/vagas-para-trailers\/\" target=\"_self\" aria-label=\"View Slide Details\" class=\"metaslider_image_link\"><img loading=\"lazy\" decoding=\"async\" src=\"https:\/\/germinal.com.br\/site\/wp-content\/uploads\/2024\/09\/fotos_abertura_moldura1.jpg\" height=\"700\" width=\"780\" alt=\"Vista a\u00e9rea do s\u00edtio (agrad. S\u00e9rgio Tom\u00e9)\" class=\"slider-1935 slide-1937 msDefaultImage\" title=\"Vista a\u00e9rea do s\u00edtio (agrad. S\u00e9rgio Tom\u00e9)\" \/><\/a><\/li>\n                <li style=\"display: none; width: 100%;\" class=\"slide-1939 ms-image \" aria-roledescription=\"slide\" data-date=\"2024-09-25 15:57:14\" data-filename=\"fotos_abertura_moldura2.jpg\" data-slide-type=\"image\"><a href=\"http:\/\/www.germinal.com.br\/site\/vagas-para-trailers\/\" target=\"_self\" aria-label=\"View Slide Details\" class=\"metaslider_image_link\"><img loading=\"lazy\" decoding=\"async\" src=\"https:\/\/germinal.com.br\/site\/wp-content\/uploads\/2024\/09\/fotos_abertura_moldura2.jpg\" height=\"700\" width=\"780\" alt=\"Rancho Germinal\" class=\"slider-1935 slide-1939 msDefaultImage\" title=\"Rancho Germinal\" \/><\/a><\/li>\n                <li style=\"display: none; width: 100%;\" class=\"slide-1941 ms-image \" aria-roledescription=\"slide\" data-date=\"2024-09-25 15:57:33\" data-filename=\"fotos_abertura_moldura3.jpg\" data-slide-type=\"image\"><a href=\"http:\/\/www.germinal.com.br\/site\/vagas-para-trailers\/\" target=\"_self\" aria-label=\"View Slide Details\" class=\"metaslider_image_link\"><img loading=\"lazy\" decoding=\"async\" src=\"https:\/\/germinal.com.br\/site\/wp-content\/uploads\/2024\/09\/fotos_abertura_moldura3.jpg\" height=\"700\" width=\"780\" alt=\"interior do Rancho Germinal\" class=\"slider-1935 slide-1941 msDefaultImage\" title=\"interior do Rancho Germinal\" \/><\/a><\/li>\n                <li style=\"display: none; width: 100%;\" class=\"slide-1943 ms-image \" aria-roledescription=\"slide\" data-date=\"2024-09-25 15:57:45\" data-filename=\"fotos_abertura_moldura4.jpg\" data-slide-type=\"image\"><a href=\"http:\/\/www.germinal.com.br\/site\/vagas-para-trailers\/\" target=\"_self\" aria-label=\"View Slide Details\" class=\"metaslider_image_link\"><img loading=\"lazy\" decoding=\"async\" src=\"https:\/\/germinal.com.br\/site\/wp-content\/uploads\/2024\/09\/fotos_abertura_moldura4.jpg\" height=\"700\" width=\"780\" alt=\"interior do Rancho Germinal\" class=\"slider-1935 slide-1943 msDefaultImage\" title=\"interior do Rancho Germinal\" \/><\/a><\/li>\n                <li style=\"display: none; width: 100%;\" class=\"slide-1945 ms-image \" aria-roledescription=\"slide\" data-date=\"2024-09-25 15:58:05\" data-filename=\"fotos_abertura_moldura5.jpg\" data-slide-type=\"image\"><a href=\"http:\/\/www.germinal.com.br\/site\/vagas-para-trailers\/\" target=\"_self\" aria-label=\"View Slide Details\" class=\"metaslider_image_link\"><img loading=\"lazy\" decoding=\"async\" src=\"https:\/\/germinal.com.br\/site\/wp-content\/uploads\/2024\/09\/fotos_abertura_moldura5.jpg\" height=\"700\" width=\"780\" alt=\"S\u00edtio Germinal - Camping para Trailers, Bananeiras - PB\" class=\"slider-1935 slide-1945 msDefaultImage\" title=\"S\u00edtio Germinal - Camping para Trailers, Bananeiras - PB\" \/><\/a><\/li>\n            <\/ul>\n        <\/div>\n        \n    <\/div>\n<\/div><\/div>\n\n\n\n<div style=\"height:25px\" aria-hidden=\"true\" class=\"wp-block-spacer\"><\/div>\n\n\n\n<hr class=\"wp-block-separator has-text-color has-css-opacity has-background aligncenter is-style-wide\" style=\"background-color:#dd8220;color:#dd8220\"\/>\n\n\n\n<div style=\"height:25px\" aria-hidden=\"true\" class=\"wp-block-spacer\"><\/div>\n\n\n\n<div class=\"wp-block-columns is-layout-flex wp-container-core-columns-is-layout-9d6595d7 wp-block-columns-is-layout-flex\">\n<div class=\"wp-block-column has-nv-c-1-background-color has-background is-layout-flow wp-block-column-is-layout-flow\">\n<figure class=\"wp-block-image size-large margin-top margin-bottom\"><a href=\"https:\/\/germinal.com.br\/site\/tecnologias-rudimentares\/\"><img loading=\"lazy\" decoding=\"async\" width=\"994\" height=\"1024\" src=\"https:\/\/germinal.com.br\/site\/wp-content\/uploads\/2024\/10\/chamada_ruditec2-994x1024.jpg\" alt=\"\" class=\"wp-image-1984\" style=\"object-fit:cover\" srcset=\"https:\/\/germinal.com.br\/site\/wp-content\/uploads\/2024\/10\/chamada_ruditec2-994x1024.jpg 994w, https:\/\/germinal.com.br\/site\/wp-content\/uploads\/2024\/10\/chamada_ruditec2-291x300.jpg 291w, https:\/\/germinal.com.br\/site\/wp-content\/uploads\/2024\/10\/chamada_ruditec2-768x791.jpg 768w, https:\/\/germinal.com.br\/site\/wp-content\/uploads\/2024\/10\/chamada_ruditec2-1491x1536.jpg 1491w, https:\/\/germinal.com.br\/site\/wp-content\/uploads\/2024\/10\/chamada_ruditec2.jpg 1600w\" sizes=\"auto, (max-width: 994px) 100vw, 994px\" \/><\/a><\/figure>\n<\/div>\n\n\n\n<div class=\"wp-block-column has-neve-link-hover-color-background-color has-background is-layout-flow wp-block-column-is-layout-flow\">\n<figure class=\"wp-block-image size-large margin-top margin-bottom\"><a href=\"https:\/\/germinal.com.br\/site\/vagas-para-trailers\/\"><img loading=\"lazy\" decoding=\"async\" width=\"992\" height=\"1024\" src=\"https:\/\/germinal.com.br\/site\/wp-content\/uploads\/2024\/10\/chamada_camping2-992x1024.jpg\" alt=\"\" class=\"wp-image-1978\" srcset=\"https:\/\/germinal.com.br\/site\/wp-content\/uploads\/2024\/10\/chamada_camping2-992x1024.jpg 992w, https:\/\/germinal.com.br\/site\/wp-content\/uploads\/2024\/10\/chamada_camping2-291x300.jpg 291w, https:\/\/germinal.com.br\/site\/wp-content\/uploads\/2024\/10\/chamada_camping2-768x792.jpg 768w, https:\/\/germinal.com.br\/site\/wp-content\/uploads\/2024\/10\/chamada_camping2-1489x1536.jpg 1489w, https:\/\/germinal.com.br\/site\/wp-content\/uploads\/2024\/10\/chamada_camping2.jpg 1600w\" sizes=\"auto, (max-width: 992px) 100vw, 992px\" \/><\/a><\/figure>\n<\/div>\n\n\n\n<div class=\"wp-block-column has-nv-c-2-background-color has-background is-layout-flow wp-block-column-is-layout-flow\">\n<figure class=\"wp-block-image size-large margin-top margin-bottom\"><a href=\"https:\/\/germinal.com.br\/site\/bioconstrucao\/\"><img loading=\"lazy\" decoding=\"async\" width=\"994\" height=\"1024\" src=\"https:\/\/germinal.com.br\/site\/wp-content\/uploads\/2024\/10\/chamada_bioconstrucao-1-994x1024.jpg\" alt=\"\" class=\"wp-image-1981\" srcset=\"https:\/\/germinal.com.br\/site\/wp-content\/uploads\/2024\/10\/chamada_bioconstrucao-1-994x1024.jpg 994w, https:\/\/germinal.com.br\/site\/wp-content\/uploads\/2024\/10\/chamada_bioconstrucao-1-291x300.jpg 291w, https:\/\/germinal.com.br\/site\/wp-content\/uploads\/2024\/10\/chamada_bioconstrucao-1-768x791.jpg 768w, https:\/\/germinal.com.br\/site\/wp-content\/uploads\/2024\/10\/chamada_bioconstrucao-1-1491x1536.jpg 1491w, https:\/\/germinal.com.br\/site\/wp-content\/uploads\/2024\/10\/chamada_bioconstrucao-1-1988x2048.jpg 1988w\" sizes=\"auto, (max-width: 994px) 100vw, 994px\" \/><\/a><\/figure>\n<\/div>\n<\/div>\n\n\n\n<hr class=\"wp-block-separator has-text-color has-css-opacity has-background aligncenter is-style-wide\" style=\"background-color:#dd8220;color:#dd8220\"\/>\n\n\n\n<div style=\"height:25px\" aria-hidden=\"true\" class=\"wp-block-spacer\"><\/div>\n\n\n<style>.wp-show-posts-columns#wpsp-1236 {margin-left: -2em; }.wp-show-posts-columns#wpsp-1236 .wp-show-posts-inner {margin: 0 0 2em 2em; }<\/style><section id=\"wpsp-1236\" class=\" wp-show-posts-columns wp-show-posts\" style=\"\"><article class=\" wp-show-posts-single post-1015 post type-post status-publish format-standard has-post-thumbnail hentry category-destaque category-noticias category-polemica wpsp-col-4\" itemtype=\"http:\/\/schema.org\/CreativeWork\" itemscope><div class=\"wp-show-posts-inner\" style=\"\">\t\t<div class=\"wp-show-posts-image  wpsp-image-left \">\n\t\t\t<a href=\"https:\/\/germinal.com.br\/site\/noticias\/agenda-esg-e-uma-saida\/\"  title=\"Agenda ESG &#8211; \u00e9 uma sa\u00edda?\">\t\t\t\t\t<img decoding=\"async\" src=\"https:\/\/germinal.com.br\/site\/wp-content\/uploads\/2022\/03\/ESG-Reporting-350x197.jpg\" alt=\"Agenda ESG &#8211; \u00e9 uma sa\u00edda?\" itemprop=\"image\" class=\"left\" \/>\n\t\t\t\t<\/a>\t\t<\/div>\n\t\t\t\t\t\t\t\t<header class=\"wp-show-posts-entry-header\">\n\t\t\t\t\t\t\t<h3 class=\"wp-show-posts-entry-title\" itemprop=\"headline\"><a href=\"https:\/\/germinal.com.br\/site\/noticias\/agenda-esg-e-uma-saida\/\" rel=\"bookmark\">Agenda ESG &#8211; \u00e9 uma sa\u00edda?<\/a><\/h3>\t\t\t\t\t\t<\/header><!-- .entry-header -->\n\t\t\t\t\t\t\t\t\t\t\t<div class=\"wp-show-posts-entry-summary\" itemprop=\"text\">\n\t\t\t\t\t\t\t<p>A chamada agenda ESG (environmental, social and governance) tem sido colocada como um conjunto de pol\u00edticas empresariais que poderiam trazer&#8230;<\/p>\n\t\t\t\t\t\t<\/div><!-- .entry-summary -->\n\t\t\t\t\t<div class=\"wpsp-read-more\"><a title=\"Agenda ESG &#8211; \u00e9 uma sa\u00edda?\" class=\"wp-show-posts-read-more\" href=\"https:\/\/germinal.com.br\/site\/noticias\/agenda-esg-e-uma-saida\/\">Leia +<\/a><\/div><\/div><!-- wp-show-posts-inner --><\/article><article class=\" wp-show-posts-single post-673 post type-post status-publish format-standard has-post-thumbnail hentry category-destaque category-historia category-noticias wpsp-col-4\" itemtype=\"http:\/\/schema.org\/CreativeWork\" itemscope><div class=\"wp-show-posts-inner\" style=\"\">\t\t<div class=\"wp-show-posts-image  wpsp-image-left \">\n\t\t\t<a href=\"https:\/\/germinal.com.br\/site\/noticias\/rumo-ao-sol-a-saga-alternativa-da-descoberta-do-paraiso\/\"  title=\"&#8220;Rumo ao Sol&#8221; &#8211; a saga alternativa da descoberta do para\u00edso\">\t\t\t\t\t<img decoding=\"async\" src=\"https:\/\/germinal.com.br\/site\/wp-content\/uploads\/2021\/12\/rumo_ao_sol-350x197.jpg\" alt=\"&#8220;Rumo ao Sol&#8221; &#8211; a saga alternativa da descoberta do para\u00edso\" itemprop=\"image\" class=\"left\" \/>\n\t\t\t\t<\/a>\t\t<\/div>\n\t\t\t\t\t\t\t\t<header class=\"wp-show-posts-entry-header\">\n\t\t\t\t\t\t\t<h3 class=\"wp-show-posts-entry-title\" itemprop=\"headline\"><a href=\"https:\/\/germinal.com.br\/site\/noticias\/rumo-ao-sol-a-saga-alternativa-da-descoberta-do-paraiso\/\" rel=\"bookmark\">&#8220;Rumo ao Sol&#8221; &#8211; a saga alternativa da descoberta do para\u00edso<\/a><\/h3>\t\t\t\t\t\t<\/header><!-- .entry-header -->\n\t\t\t\t\t\t\t\t\t\t\t<div class=\"wp-show-posts-entry-summary\" itemprop=\"text\">\n\t\t\t\t\t\t\t<p>Em 1978, um grupo de pessoas reunidas no IV\u00ba ENCA (Encontro Nacional das Comunidades Alternativas), em Visconde de Mau\u00e1, RJ,&#8230;<\/p>\n\t\t\t\t\t\t<\/div><!-- .entry-summary -->\n\t\t\t\t\t<div class=\"wpsp-read-more\"><a title=\"&#8220;Rumo ao Sol&#8221; &#8211; a saga alternativa da descoberta do para\u00edso\" class=\"wp-show-posts-read-more\" href=\"https:\/\/germinal.com.br\/site\/noticias\/rumo-ao-sol-a-saga-alternativa-da-descoberta-do-paraiso\/\">Leia +<\/a><\/div><\/div><!-- wp-show-posts-inner --><\/article><article class=\" wp-show-posts-single post-419 post type-post status-publish format-standard has-post-thumbnail hentry category-destaque category-noticias wpsp-col-4\" itemtype=\"http:\/\/schema.org\/CreativeWork\" itemscope><div class=\"wp-show-posts-inner\" style=\"\">\t\t<div class=\"wp-show-posts-image  wpsp-image-left \">\n\t\t\t<a href=\"https:\/\/germinal.com.br\/site\/noticias\/mudancas-no-entorno-do-sitio\/\"  title=\"Mudan\u00e7as no entorno do s\u00edtio\">\t\t\t\t\t<img decoding=\"async\" src=\"https:\/\/germinal.com.br\/site\/wp-content\/uploads\/2021\/11\/mapa_urbanizacao_nov2021-350x168.gif\" alt=\"Mudan\u00e7as no entorno do s\u00edtio\" itemprop=\"image\" class=\"left\" \/>\n\t\t\t\t<\/a>\t\t<\/div>\n\t\t\t\t\t\t\t\t<header class=\"wp-show-posts-entry-header\">\n\t\t\t\t\t\t\t<h3 class=\"wp-show-posts-entry-title\" itemprop=\"headline\"><a href=\"https:\/\/germinal.com.br\/site\/noticias\/mudancas-no-entorno-do-sitio\/\" rel=\"bookmark\">Mudan\u00e7as no entorno do s\u00edtio<\/a><\/h3>\t\t\t\t\t\t<\/header><!-- .entry-header -->\n\t\t\t\t\t\t\t\t\t\t\t<div class=\"wp-show-posts-entry-summary\" itemprop=\"text\">\n\t\t\t\t\t\t\t<p>Um print antigo do gmaps, possivelmente anterior a 2011, mostra a regi\u00e3o onde o S\u00edtio Germinal est\u00e1. A anima\u00e7\u00e3o abaixo&#8230;<\/p>\n\t\t\t\t\t\t<\/div><!-- .entry-summary -->\n\t\t\t\t\t<div class=\"wpsp-read-more\"><a title=\"Mudan\u00e7as no entorno do s\u00edtio\" class=\"wp-show-posts-read-more\" href=\"https:\/\/germinal.com.br\/site\/noticias\/mudancas-no-entorno-do-sitio\/\">Leia +<\/a><\/div><\/div><!-- wp-show-posts-inner --><\/article><div class=\"wpsp-clear\"><\/div><\/section><!-- .wp-show-posts -->\n","protected":false},"excerpt":{"rendered":"","protected":false},"author":1,"featured_media":0,"parent":0,"menu_order":0,"comment_status":"closed","ping_status":"closed","template":"","meta":{"neve_meta_sidebar":"right","neve_meta_container":"","neve_meta_enable_content_width":"on","neve_meta_content_width":70,"neve_meta_title_alignment":"","neve_meta_author_avatar":"","neve_post_elements_order":"","neve_meta_disable_header":"off","neve_meta_disable_footer":"off","neve_meta_disable_title":"on","footnotes":""},"class_list":["post-315","page","type-page","status-publish","hentry"],"featured_image_src":null,"_links":{"self":[{"href":"https:\/\/germinal.com.br\/site\/wp-json\/wp\/v2\/pages\/315","targetHints":{"allow":["GET"]}}],"collection":[{"href":"https:\/\/germinal.com.br\/site\/wp-json\/wp\/v2\/pages"}],"about":[{"href":"https:\/\/germinal.com.br\/site\/wp-json\/wp\/v2\/types\/page"}],"author":[{"embeddable":true,"href":"https:\/\/germinal.com.br\/site\/wp-json\/wp\/v2\/users\/1"}],"replies":[{"embeddable":true,"href":"https:\/\/germinal.com.br\/site\/wp-json\/wp\/v2\/comments?post=315"}],"version-history":[{"count":68,"href":"https:\/\/germinal.com.br\/site\/wp-json\/wp\/v2\/pages\/315\/revisions"}],"predecessor-version":[{"id":1987,"href":"https:\/\/germinal.com.br\/site\/wp-json\/wp\/v2\/pages\/315\/revisions\/1987"}],"wp:attachment":[{"href":"https:\/\/germinal.com.br\/site\/wp-json\/wp\/v2\/media?parent=315"}],"curies":[{"name":"wp","href":"https:\/\/api.w.org\/{rel}","templated":true}]}}