{"id":364,"date":"2021-11-25T09:12:26","date_gmt":"2021-11-25T12:12:26","guid":{"rendered":"https:\/\/germinal.com.br\/site\/?page_id=364"},"modified":"2024-06-23T07:46:48","modified_gmt":"2024-06-23T10:46:48","slug":"projetos-atuais","status":"publish","type":"page","link":"https:\/\/germinal.com.br\/site\/projetos-atuais\/","title":{"rendered":"Projetos Atuais"},"content":{"rendered":"\n<h3 class=\"wp-block-heading\">Saneamento:<\/h3>\n\n\n<div class=\"wp-block-image\">\n<figure class=\"alignleft size-large\"><a href=\"https:\/\/germinal.com.br\/site\/wp-content\/uploads\/2021\/11\/DSCN2727-scaled.jpg\" target=\"_blank\" rel=\"noopener\"><img decoding=\"async\" src=\"https:\/\/germinal.com.br\/site\/wp-content\/uploads\/2021\/11\/DSCN2727-300x225.jpg\" alt=\"\"\/><\/a><figcaption class=\"wp-element-caption\"><em>C\u00edrculo de Bananeiras<\/em><\/figcaption><\/figure>\n<\/div>\n\n\n<p>Trata-se da substitui\u00e7\u00e3o das solu\u00e7\u00f5es convencionais de saneamento existentes no s\u00edtio. A separa\u00e7\u00e3o do esgoto entre \u00e1guas cinzas e imundas e o tratamento da primeira com <a href=\"https:\/\/pt.wikipedia.org\/wiki\/C%C3%ADrculo_de_Bananeiras\" target=\"_blank\" rel=\"noreferrer noopener\">C\u00edrculos de Bananeiras<\/a> e da segunda com <a href=\"https:\/\/pt.wikipedia.org\/wiki\/Tanque_de_evapotranspira%C3%A7%C3%A3o\" target=\"_blank\" rel=\"noreferrer noopener\">Tanques de Evapotranspira\u00e7\u00e3o &#8211; Tevap<\/a>.<\/p>\n\n\n<div class=\"wp-block-image\">\n<figure class=\"alignright size-large\"><a href=\"https:\/\/germinal.com.br\/site\/wp-content\/uploads\/2022\/02\/DSCN2819-scaled.jpg\" target=\"_blank\" rel=\"noopener\"><img decoding=\"async\" src=\"https:\/\/germinal.com.br\/site\/wp-content\/uploads\/2022\/02\/DSCN2819-300x225.jpg\" alt=\"Tevap\"\/><\/a><figcaption class=\"wp-element-caption\"><em>Tanque de Evapotranspira\u00e7\u00e3o<\/em><\/figcaption><\/figure>\n<\/div>\n\n\n<h4 class=\"wp-block-heading\">Est\u00e1gio atual:<\/h4>\n\n\n\n<ul class=\"wp-block-list\">\n<li>Duas casas est\u00e3o ligadas a um Tevap que j\u00e1 tem um ano. As fossas convencionais foram descontinuadas. As \u00e1guas cinzas desviadas para c\u00edrculos de bananeiras.<\/li>\n\n\n\n<li>As \u00e1guas da sede foram repartidas. As da pia da cozinha j\u00e1 est\u00e3o indo para o c\u00edrculo de bananeiras e as \u00e1guas imundas para um tevap. Todo o s\u00edtio tem saneamento sustent\u00e1vel.<\/li>\n<\/ul>\n\n\n\n<hr class=\"wp-block-separator has-css-opacity\"\/>\n\n\n\n<h3 class=\"wp-block-heading\">Muro de Solocimento:<\/h3>\n\n\n<div class=\"wp-block-image\">\n<figure class=\"alignleft size-large\"><a href=\"https:\/\/germinal.com.br\/site\/wp-content\/uploads\/2021\/11\/125865312_413293199839264_3942910705660887582_n-scaled.jpg\" target=\"_blank\" rel=\"noopener\"><img decoding=\"async\" src=\"https:\/\/germinal.com.br\/site\/wp-content\/uploads\/2021\/11\/125865312_413293199839264_3942910705660887582_n-300x225.jpg\" alt=\"\"\/><\/a><figcaption class=\"wp-element-caption\">In\u00edcio do muro<\/figcaption><\/figure>\n<\/div>\n\n\n<p>Durante o isolamento dos \u00faltimos meses fizemos algumas experi\u00eancias de bioconstru\u00e7\u00e3o, entre as quais um muro de <a rel=\"noreferrer noopener\" href=\"https:\/\/pt.wikipedia.org\/wiki\/Solo_cimento\" target=\"_blank\">solocimento<\/a> &#8220;emparedando&#8221; a cerca preexistente, utilizando t\u00e1buas como formas e um enchimento de barro com uma porcentagem de cimento. Uma esp\u00e9cie de taipa l\u00edquida, onde o cimento entra por conta da chuva.<\/p>\n\n\n\n<p>O plano agora \u00e9 utilizar a t\u00e9cnica aprendida para fazer o mesmo na divisa lateral do s\u00edtio, onde h\u00e1 uma cerca de arame, em atividades de colabora\u00e7\u00e3o e aprendizagem, pequenos mutir\u00f5es.<\/p>\n\n\n\n<div style=\"height:20px\" aria-hidden=\"true\" class=\"wp-block-spacer\"><\/div>\n\n\n\n<h1 class=\"wp-block-heading\">No prelo<\/h1>\n\n\n\n<ul class=\"wp-block-list\">\n<li><s>Retomada da horta<\/s>; <strong><mark style=\"background-color:rgba(0, 0, 0, 0);color:#fc0000\" class=\"has-inline-color\">\u221a<\/mark><\/strong><\/li>\n\n\n\n<li>Capta\u00e7\u00e3o de \u00e1gua da chuva. Cisterna. Laguinho e \u00e1rea de infiltra\u00e7\u00e3o;<\/li>\n\n\n\n<li>Cria\u00e7\u00e3o de peixes para consumo interno;<\/li>\n\n\n\n<li>Uso de energia e\u00f3lica para puxar \u00e1gua e outras possibilidades;<\/li>\n\n\n\n<li>Implanta\u00e7\u00e3o de algumas linhas de agrofloresta (Saf), para consumo e aprendizado;<\/li>\n<\/ul>\n","protected":false},"excerpt":{"rendered":"<p>Saneamento: Trata-se da substitui\u00e7\u00e3o das solu\u00e7\u00f5es convencionais de saneamento existentes no s\u00edtio. A separa\u00e7\u00e3o do esgoto entre \u00e1guas cinzas e imundas e o tratamento da primeira com C\u00edrculos de Bananeiras e da segunda com Tanques de Evapotranspira\u00e7\u00e3o &#8211; Tevap. Est\u00e1gio atual: Muro de Solocimento: Durante o isolamento dos \u00faltimos meses fizemos algumas experi\u00eancias de bioconstru\u00e7\u00e3o,&hellip;&nbsp;<a href=\"https:\/\/germinal.com.br\/site\/projetos-atuais\/\" rel=\"bookmark\">Continue a ler &raquo;<span class=\"screen-reader-text\">Projetos Atuais<\/span><\/a><\/p>\n","protected":false},"author":1,"featured_media":0,"parent":0,"menu_order":0,"comment_status":"closed","ping_status":"closed","template":"","meta":{"neve_meta_sidebar":"right","neve_meta_container":"","neve_meta_enable_content_width":"on","neve_meta_content_width":70,"neve_meta_title_alignment":"","neve_meta_author_avatar":"","neve_post_elements_order":"","neve_meta_disable_header":"","neve_meta_disable_footer":"","neve_meta_disable_title":"","footnotes":""},"class_list":["post-364","page","type-page","status-publish","hentry"],"featured_image_src":null,"_links":{"self":[{"href":"https:\/\/germinal.com.br\/site\/wp-json\/wp\/v2\/pages\/364","targetHints":{"allow":["GET"]}}],"collection":[{"href":"https:\/\/germinal.com.br\/site\/wp-json\/wp\/v2\/pages"}],"about":[{"href":"https:\/\/germinal.com.br\/site\/wp-json\/wp\/v2\/types\/page"}],"author":[{"embeddable":true,"href":"https:\/\/germinal.com.br\/site\/wp-json\/wp\/v2\/users\/1"}],"replies":[{"embeddable":true,"href":"https:\/\/germinal.com.br\/site\/wp-json\/wp\/v2\/comments?post=364"}],"version-history":[{"count":66,"href":"https:\/\/germinal.com.br\/site\/wp-json\/wp\/v2\/pages\/364\/revisions"}],"predecessor-version":[{"id":1894,"href":"https:\/\/germinal.com.br\/site\/wp-json\/wp\/v2\/pages\/364\/revisions\/1894"}],"wp:attachment":[{"href":"https:\/\/germinal.com.br\/site\/wp-json\/wp\/v2\/media?parent=364"}],"curies":[{"name":"wp","href":"https:\/\/api.w.org\/{rel}","templated":true}]}}