{"id":598,"date":"2021-12-07T07:56:23","date_gmt":"2021-12-07T10:56:23","guid":{"rendered":"https:\/\/germinal.com.br\/site\/?page_id=598"},"modified":"2023-07-02T09:37:00","modified_gmt":"2023-07-02T12:37:00","slug":"tecnologias-rudimentares","status":"publish","type":"page","link":"https:\/\/germinal.com.br\/site\/tecnologias-rudimentares\/","title":{"rendered":"Tecnologias Rudimentares"},"content":{"rendered":"\n<p>S\u00e3o tecnologias que utilizam materiais dispon\u00edveis na natureza e que, por esse motivo, podem ser \u00fateis em situa\u00e7\u00f5es onde o acesso \u00e0s solu\u00e7\u00f5es modernas seja dif\u00edcil, ou imposs\u00edvel. Pode-se considerar como uma forma de bioconstru\u00e7\u00e3o.<\/p>\n\n\n\n<p>Muitas delas vieram sendo desenvolvidas ao longo dos s\u00e9culos e foram usadas at\u00e9 recentemente. Algumas poucas ainda sobrevivem.<\/p>\n\n\n<div class=\"wp-block-image\">\n<figure class=\"alignleft size-large is-resized\"><img loading=\"lazy\" decoding=\"async\" src=\"https:\/\/germinal.com.br\/site\/wp-content\/uploads\/2021\/12\/Mvc-678f.jpg\" alt=\"\" width=\"244\" height=\"323\"\/><\/figure>\n<\/div>\n\n\n<p>Andando por a\u00ed a gente se depara com solu\u00e7\u00f5es antigas, tais como <a href=\"https:\/\/youtu.be\/sBuuLJ2qQJc\" target=\"_blank\" rel=\"noreferrer noopener\">moinhos de pedra<\/a>, <a href=\"https:\/\/youtu.be\/OUtA2BLmVKM\" target=\"_blank\" rel=\"noreferrer noopener\">monjolos<\/a>, <a href=\"https:\/\/youtu.be\/2S8PcHPBJaM\" target=\"_blank\" rel=\"noreferrer noopener\">moendas<\/a>, pil\u00f5es, <a href=\"https:\/\/germinal.com.br\/site\/outras-tecnologias-rudimentares\/\">tornos<\/a>, <a href=\"https:\/\/youtu.be\/yRuuyhfrw2g\" target=\"_blank\" rel=\"noreferrer noopener\">engenhos<\/a>, movidas a \u00e1gua, animais e at\u00e9 motores el\u00e9tricos adaptados.<\/p>\n\n\n\n<p>Uma dessas tecnologias rudimentares \u00e9 a <a href=\"https:\/\/germinal.com.br\/site\/fornos-de-padaria\/\">antiga arte da constru\u00e7\u00e3o de Fornos para Alimentos<\/a>, feitos em tijolos e massa de barro. Conheci t\u00e9cnicas de constru\u00e7\u00e3o usadas no final do s\u00e9culo XIX e in\u00edcio do XX, obtidas atrav\u00e9s de conversas em uma padaria antiga do bairro Ant\u00f4nio Dias, nas madrugadas frias de Ouro Preto, MG, entre 1982 e 1987, numa esp\u00e9cie de engenharia reversa, posta \u00e0 prova nos anos seguintes em constru\u00e7\u00f5es de fornos pelo pa\u00eds, adaptando e fortalecendo a t\u00e9cnica. Hoje esse trabalho continua aqui no s\u00edtio.<\/p>\n\n\n\n<p><\/p>\n","protected":false},"excerpt":{"rendered":"<p>S\u00e3o tecnologias que utilizam materiais dispon\u00edveis na natureza e que, por esse motivo, podem ser \u00fateis em situa\u00e7\u00f5es onde o acesso \u00e0s solu\u00e7\u00f5es modernas seja dif\u00edcil, ou imposs\u00edvel. Pode-se considerar como uma forma de bioconstru\u00e7\u00e3o. Muitas delas vieram sendo desenvolvidas ao longo dos s\u00e9culos e foram usadas at\u00e9 recentemente. Algumas poucas ainda sobrevivem. Andando por&hellip;&nbsp;<a href=\"https:\/\/germinal.com.br\/site\/tecnologias-rudimentares\/\" rel=\"bookmark\">Continue a ler &raquo;<span class=\"screen-reader-text\">Tecnologias Rudimentares<\/span><\/a><\/p>\n","protected":false},"author":1,"featured_media":0,"parent":0,"menu_order":0,"comment_status":"closed","ping_status":"closed","template":"","meta":{"neve_meta_sidebar":"right","neve_meta_container":"","neve_meta_enable_content_width":"on","neve_meta_content_width":70,"neve_meta_title_alignment":"","neve_meta_author_avatar":"","neve_post_elements_order":"","neve_meta_disable_header":"","neve_meta_disable_footer":"","neve_meta_disable_title":"","footnotes":""},"class_list":["post-598","page","type-page","status-publish","hentry"],"featured_image_src":null,"_links":{"self":[{"href":"https:\/\/germinal.com.br\/site\/wp-json\/wp\/v2\/pages\/598","targetHints":{"allow":["GET"]}}],"collection":[{"href":"https:\/\/germinal.com.br\/site\/wp-json\/wp\/v2\/pages"}],"about":[{"href":"https:\/\/germinal.com.br\/site\/wp-json\/wp\/v2\/types\/page"}],"author":[{"embeddable":true,"href":"https:\/\/germinal.com.br\/site\/wp-json\/wp\/v2\/users\/1"}],"replies":[{"embeddable":true,"href":"https:\/\/germinal.com.br\/site\/wp-json\/wp\/v2\/comments?post=598"}],"version-history":[{"count":17,"href":"https:\/\/germinal.com.br\/site\/wp-json\/wp\/v2\/pages\/598\/revisions"}],"predecessor-version":[{"id":1784,"href":"https:\/\/germinal.com.br\/site\/wp-json\/wp\/v2\/pages\/598\/revisions\/1784"}],"wp:attachment":[{"href":"https:\/\/germinal.com.br\/site\/wp-json\/wp\/v2\/media?parent=598"}],"curies":[{"name":"wp","href":"https:\/\/api.w.org\/{rel}","templated":true}]}}